{"id":3669,"date":"2026-04-30T18:30:45","date_gmt":"2026-04-30T21:30:45","guid":{"rendered":"https:\/\/lapoderosa.org.ar\/tiendaenlinea\/?post_type=product&#038;p=3669"},"modified":"2026-05-13T18:31:59","modified_gmt":"2026-05-13T21:31:59","slug":"remera-la-poderosa-fate","status":"publish","type":"product","link":"https:\/\/lapoderosa.org.ar\/tiendaenlinea\/producto\/remera-la-poderosa-fate\/","title":{"rendered":"REMERA LA PODEROSA &#8211; FATE"},"content":{"rendered":"<p>Comprando esta remera te sum\u00e1s a la lucha de los trabajadores de FATE. Una parte de lo recaudado ser\u00e1 destinado a sostener el fondo de lucha para que los trabajadores y sus familias puedan seguir organiz\u00e1ndose para que Fate no se cierre.<\/p>\n<p>Esta prenda es elaborada por la cooperativa A Pura Estampa, de la Villa 21-24, as\u00ed que adem\u00e1s est\u00e1s aportando a la autogesti\u00f3n como forma de organizaci\u00f3n.<\/p>\n<p>Una vez realizada la compra, te estaremos contactando para coordinar el env\u00edo en moto dentro de CABA y a trav\u00e9s de Correo Argentino para el resto del pa\u00eds.<\/p>\n<p>\u00a1Gracias por sumarte a esta causa!<\/p>\n","protected":false},"excerpt":{"rendered":"<p>REMERA LA PODEROSA &#8211; FATE<\/p>\n","protected":false},"featured_media":3676,"template":"","meta":{"site-sidebar-layout":"default","site-content-layout":"","ast-site-content-layout":"default","site-content-style":"default","site-sidebar-style":"default","ast-global-header-display":"","ast-banner-title-visibility":"","ast-main-header-display":"","ast-hfb-above-header-display":"","ast-hfb-below-header-display":"","ast-hfb-mobile-header-display":"","site-post-title":"","ast-breadcrumbs-content":"","ast-featured-img":"","footer-sml-layout":"","ast-disable-related-posts":"","theme-transparent-header-meta":"default","adv-header-id-meta":"","stick-header-meta":"","header-above-stick-meta":"","header-main-stick-meta":"","header-below-stick-meta":"","astra-migrate-meta-layouts":"set","ast-page-background-enabled":"default","ast-page-background-meta":{"desktop":{"background-color":"","background-image":"","background-repeat":"repeat","background-position":"center center","background-size":"auto","background-attachment":"scroll","background-type":"","background-media":"","overlay-type":"","overlay-color":"","overlay-opacity":"","overlay-gradient":""},"tablet":{"background-color":"","background-image":"","background-repeat":"repeat","background-position":"center center","background-size":"auto","background-attachment":"scroll","background-type":"","background-media":"","overlay-type":"","overlay-color":"","overlay-opacity":"","overlay-gradient":""},"mobile":{"background-color":"","background-image":"","background-repeat":"repeat","background-position":"center center","background-size":"auto","background-attachment":"scroll","background-type":"","background-media":"","overlay-type":"","overlay-color":"","overlay-opacity":"","overlay-gradient":""}},"ast-content-background-meta":{"desktop":{"background-color":"var(--ast-global-color-5)","background-image":"","background-repeat":"repeat","background-position":"center center","background-size":"auto","background-attachment":"scroll","background-type":"","background-media":"","overlay-type":"","overlay-color":"","overlay-opacity":"","overlay-gradient":""},"tablet":{"background-color":"var(--ast-global-color-5)","background-image":"","background-repeat":"repeat","background-position":"center center","background-size":"auto","background-attachment":"scroll","background-type":"","background-media":"","overlay-type":"","overlay-color":"","overlay-opacity":"","overlay-gradient":""},"mobile":{"background-color":"var(--ast-global-color-5)","background-image":"","background-repeat":"repeat","background-position":"center center","background-size":"auto","background-attachment":"scroll","background-type":"","background-media":"","overlay-type":"","overlay-color":"","overlay-opacity":"","overlay-gradient":""}}},"product_brand":[],"product_cat":[15],"product_tag":[],"class_list":{"0":"post-3669","1":"product","2":"type-product","3":"status-publish","4":"has-post-thumbnail","6":"product_cat-sin-categorizar","7":"desktop-align-left","8":"tablet-align-left","9":"mobile-align-left","11":"first","12":"instock","13":"shipping-taxable","14":"purchasable","15":"product-type-variable"},"_links":{"self":[{"href":"https:\/\/lapoderosa.org.ar\/tiendaenlinea\/wp-json\/wp\/v2\/product\/3669","targetHints":{"allow":["GET"]}}],"collection":[{"href":"https:\/\/lapoderosa.org.ar\/tiendaenlinea\/wp-json\/wp\/v2\/product"}],"about":[{"href":"https:\/\/lapoderosa.org.ar\/tiendaenlinea\/wp-json\/wp\/v2\/types\/product"}],"wp:featuredmedia":[{"embeddable":true,"href":"https:\/\/lapoderosa.org.ar\/tiendaenlinea\/wp-json\/wp\/v2\/media\/3676"}],"wp:attachment":[{"href":"https:\/\/lapoderosa.org.ar\/tiendaenlinea\/wp-json\/wp\/v2\/media?parent=3669"}],"wp:term":[{"taxonomy":"product_brand","embeddable":true,"href":"https:\/\/lapoderosa.org.ar\/tiendaenlinea\/wp-json\/wp\/v2\/product_brand?post=3669"},{"taxonomy":"product_cat","embeddable":true,"href":"https:\/\/lapoderosa.org.ar\/tiendaenlinea\/wp-json\/wp\/v2\/product_cat?post=3669"},{"taxonomy":"product_tag","embeddable":true,"href":"https:\/\/lapoderosa.org.ar\/tiendaenlinea\/wp-json\/wp\/v2\/product_tag?post=3669"}],"curies":[{"name":"wp","href":"https:\/\/api.w.org\/{rel}","templated":true}]}}